{"id":11,"date":"2025-01-09T13:19:19","date_gmt":"2025-01-09T13:19:19","guid":{"rendered":"http:\/\/intense.no\/?page_id=11"},"modified":"2026-03-19T00:52:26","modified_gmt":"2026-03-18T23:52:26","slug":"om-oss","status":"publish","type":"page","link":"https:\/\/intense.no\/index.php\/om-oss\/","title":{"rendered":"About us"},"content":{"rendered":"\n<p>V\u00e5re ansatte er erfarne og dedikerte fagfolk som brenner for \u00e5 levere h\u00f8y kvalitet i alle aspekter av v\u00e5rt arbeid. Med et sterkt fokus p\u00e5 profesjonalitet, kreativitet og kundetilfredshet, jobber vi sammen for \u00e5 m\u00f8te hver kundes unike behov. V\u00e5rt team best\u00e5r av spesialister med bred kompetanse, og vi er stolte av \u00e5 tilby l\u00f8sninger som er b\u00e5de innovative og p\u00e5litelige. Vi setter alltid kunden f\u00f8rst og streber etter \u00e5 levere f\u00f8rsteklasses resultater i alle prosjekter.<br><br><br><br><\/p>\n\n\n\n<div class=\"wp-block-media-text is-stacked-on-mobile\"><figure class=\"wp-block-media-text__media\"><\/figure><div class=\"wp-block-media-text__content\">\n<p><strong>Morten J\u00e6ger<\/strong><br>Kreativ Leder<\/p>\n\n\n\n<p><a href=\"mailto:morten@intense.no\">morten@intense.no<br><\/a><a href=\"tel:90828367\">90 82 83 67<\/a><\/p>\n<\/div><\/div>\n\n\n\n<div class=\"wp-block-media-text has-media-on-the-right is-stacked-on-mobile\"><div class=\"wp-block-media-text__content\">\n<p><strong>Casper Sj\u00f8lie<\/strong><br>Head of Video &amp; Production<\/p>\n\n\n\n<p><a href=\"mailto:casper@intense.no\">casper@intense.no<br><\/a><a href=\"tel:40765716\">40 76 57 16<\/a><\/p>\n<\/div><figure class=\"wp-block-media-text__media\"><\/figure><\/div>\n\n\n\n<div class=\"wp-block-media-text is-stacked-on-mobile\"><figure class=\"wp-block-media-text__media\"><\/figure><div class=\"wp-block-media-text__content\">\n<p><strong>Victor Rosenlind<\/strong><br>Prosjektleder<\/p>\n\n\n\n<p><a href=\"mailto:victor@otvengeholding.no\" data-type=\"mailto\" data-id=\"mailto:victor@otvengholding.no\">victor@otvengeholding.no<br><\/a><a href=\"tel:41365881\">41 36 58 81<\/a><\/p>\n<\/div><\/div>\n\n\n\n<div class=\"wp-block-media-text has-media-on-the-right is-stacked-on-mobile\"><div class=\"wp-block-media-text__content\">\n<p><strong>Mathias Dammyr<\/strong><br>Prosjektleder<\/p>\n\n\n\n<p><a href=\"mailto:mathias@intense.no\">mathias@intense.no<\/a> <\/p>\n\n\n\n<p><a href=\"tel:99692172\">99 69 21 72<\/a><\/p>\n<\/div><figure class=\"wp-block-media-text__media\"><\/figure><\/div>\n","protected":false},"excerpt":{"rendered":"<p>V\u00e5re ansatte er erfarne og dedikerte fagfolk som brenner for \u00e5 levere h\u00f8y kvalitet i alle aspekter av v\u00e5rt arbeid. Med et sterkt fokus p\u00e5 profesjonalitet, kreativitet og kundetilfredshet, jobber vi sammen for \u00e5 m\u00f8te hver kundes unike behov. V\u00e5rt team best\u00e5r av spesialister med bred kompetanse, og vi er stolte av \u00e5 tilby l\u00f8sninger [&hellip;]<\/p>\n","protected":false},"author":1,"featured_media":0,"parent":0,"menu_order":0,"comment_status":"closed","ping_status":"closed","template":"","meta":{"footnotes":""},"class_list":["post-11","page","type-page","status-publish","hentry"],"_links":{"self":[{"href":"https:\/\/intense.no\/index.php\/wp-json\/wp\/v2\/pages\/11","targetHints":{"allow":["GET"]}}],"collection":[{"href":"https:\/\/intense.no\/index.php\/wp-json\/wp\/v2\/pages"}],"about":[{"href":"https:\/\/intense.no\/index.php\/wp-json\/wp\/v2\/types\/page"}],"author":[{"embeddable":true,"href":"https:\/\/intense.no\/index.php\/wp-json\/wp\/v2\/users\/1"}],"replies":[{"embeddable":true,"href":"https:\/\/intense.no\/index.php\/wp-json\/wp\/v2\/comments?post=11"}],"version-history":[{"count":10,"href":"https:\/\/intense.no\/index.php\/wp-json\/wp\/v2\/pages\/11\/revisions"}],"predecessor-version":[{"id":231,"href":"https:\/\/intense.no\/index.php\/wp-json\/wp\/v2\/pages\/11\/revisions\/231"}],"wp:attachment":[{"href":"https:\/\/intense.no\/index.php\/wp-json\/wp\/v2\/media?parent=11"}],"curies":[{"name":"wp","href":"https:\/\/api.w.org\/{rel}","templated":true}]}}